{"id":4577,"date":"2023-10-20T15:56:13","date_gmt":"2023-10-20T13:56:13","guid":{"rendered":"https:\/\/www.idem-cuisines.fr\/?page_id=4577"},"modified":"2025-02-10T22:27:04","modified_gmt":"2025-02-10T21:27:04","slug":"politique-de-confidentialite","status":"publish","type":"page","link":"http:\/\/www.idem-cuisines.fr\/index.php\/politique-de-confidentialite\/","title":{"rendered":"Politique de confidentialit\u00e9"},"content":{"rendered":"\t\t<div data-elementor-type=\"wp-page\" data-elementor-id=\"4577\" class=\"elementor elementor-4577\">\n\t\t\t\t\t\t\t\t\t<section class=\"elementor-section elementor-top-section elementor-element elementor-element-6f5549df elementor-section-full_width elementor-section-height-default elementor-section-height-default\" data-id=\"6f5549df\" data-element_type=\"section\">\n\t\t\t\t\t\t<div class=\"elementor-container elementor-column-gap-no\">\n\t\t\t\t\t<div class=\"elementor-column elementor-col-100 elementor-top-column elementor-element elementor-element-4addfe3\" data-id=\"4addfe3\" data-element_type=\"column\">\n\t\t\t<div class=\"elementor-widget-wrap\">\n\t\t\t\t\t\t\t\t\t<\/div>\n\t\t<\/div>\n\t\t\t\t\t\t\t<\/div>\n\t\t<\/section>\n\t\t\t\t<section class=\"elementor-section elementor-top-section elementor-element elementor-element-43395872 elementor-section-full_width elementor-section-height-default elementor-section-height-default\" data-id=\"43395872\" data-element_type=\"section\">\n\t\t\t\t\t\t<div class=\"elementor-container elementor-column-gap-no\">\n\t\t\t\t\t<div class=\"elementor-column elementor-col-100 elementor-top-column elementor-element elementor-element-1388921b\" data-id=\"1388921b\" data-element_type=\"column\">\n\t\t\t<div class=\"elementor-widget-wrap elementor-element-populated\">\n\t\t\t\t\t\t\t\t<div class=\"elementor-element elementor-element-e8a344d elementor-widget elementor-widget-text-editor\" data-id=\"e8a344d\" data-element_type=\"widget\" data-widget_type=\"text-editor.default\">\n\t\t\t\t<div class=\"elementor-widget-container\">\n\t\t\t<style>\/*! elementor - v3.8.1 - 13-11-2022 *\/\n.elementor-widget-text-editor.elementor-drop-cap-view-stacked .elementor-drop-cap{background-color:#818a91;color:#fff}.elementor-widget-text-editor.elementor-drop-cap-view-framed .elementor-drop-cap{color:#818a91;border:3px solid;background-color:transparent}.elementor-widget-text-editor:not(.elementor-drop-cap-view-default) .elementor-drop-cap{margin-top:8px}.elementor-widget-text-editor:not(.elementor-drop-cap-view-default) .elementor-drop-cap-letter{width:1em;height:1em}.elementor-widget-text-editor .elementor-drop-cap{float:left;text-align:center;line-height:1;font-size:50px}.elementor-widget-text-editor .elementor-drop-cap-letter{display:inline-block}<\/style>\t\t\t\t<h1><span style=\"color: #444; font-weight: bold;\">Politique de confidentialit\u00e9<\/span><\/h1>\nSelon sa politique de confidentialit\u00e9, Idem Cuisines s\u2019engage \u00e0 respecter la vie priv\u00e9e de tout utilisateur de son site Internet. Les donn\u00e9es personnelles (nom, adresse, t\u00e9l\u00e9phone, e-mail) ne sont collect\u00e9es qu\u2019apr\u00e8s avoir \u00e9t\u00e9 fournies par l\u2019utilisateur en toute connaissance de cause. Ces donn\u00e9es pourront \u00eatre ainsi stock\u00e9es pour une dur\u00e9e limit\u00e9e. Elles seront \u00e9ventuellement r\u00e9utilis\u00e9es en interne par Idem Cuisines \u00e0 des fins statistiques ou marketing. Cependant, les donn\u00e9es collect\u00e9es ne feront en aucun cas l\u2019objet de cessions \u00e0 des organismes ou soci\u00e9t\u00e9s tiers.\n\nConform\u00e9ment aux dispositions de la section 2 du chapitre 5 de la loi Informatique et libert\u00e9s, vous disposez notamment du droit de vous opposer au traitement des donn\u00e9es vous concernant. Par ailleurs, comme notre politique de confidentialit\u00e9 le pr\u00e9voit, vous avez le droit de solliciter la rectification, la mise \u00e0 jour ou l\u2019effacement de vos donn\u00e9es lorsqu\u2019elles sont inexactes, incompl\u00e8tes ou p\u00e9rim\u00e9es. Pour exercer vos droits aupr\u00e8s d\u2019Idem Cuisines, merci d&rsquo;envoyer un email \u00e0 l\u2019adresse <a class=\"underline_anim underline_do_hover\" href=\"mailto: idemcuisines@idemcuisines.fr \"> idemcuisines@idemcuisines.fr<\/a>\t\t\t\t\t\t<\/div>\n\t\t\t\t<\/div>\n\t\t\t\t<div class=\"elementor-element elementor-element-0528881 elementor-widget elementor-widget-text-editor\" data-id=\"0528881\" data-element_type=\"widget\" data-widget_type=\"text-editor.default\">\n\t\t\t\t<div class=\"elementor-widget-container\">\n\t\t\t\t\t\t\t<h2><span style=\"color: #1a0b60; font-weight: bold;\">Cookies<\/span><\/h2>\n<h6><strong><span style=\"color: #ea6f08;\">Qu\u2019est-ce qu\u2019un cookie ?<\/span><\/strong><\/h6>\nUn cookie est un petit fichier texte sauvegard\u00e9 sur votre ordinateur lorsque vous visitez un site web. Ce fichier texte enregistre des informations qui peuvent \u00eatre lues par un site web lorsque vous le visitez de nouveau plus tard. Certains de ces cookies sont n\u00e9cessaires pour acc\u00e9der \u00e0 certaines fonctionnalit\u00e9s d\u2019un site. Toutefois, d\u2019autres cookies sont d\u2019utilit\u00e9 pratique pour le visiteur. Ils sauvegardent de mani\u00e8re s\u00e9curis\u00e9e votre nom d\u2019utilisateur ou vos pr\u00e9f\u00e9rences linguistiques par exemple. Les cookies signifient en d\u2019autres termes qu\u2019\u00e0 chaque fois que vous visitez un site web, vous n\u2019avez pas besoin de saisir \u00e0 nouveau les m\u00eames informations.\n<h6><strong><span style=\"color: #ea6f08;\">Pourquoi Idem Cuisines utilise des cookies ?<\/span><\/strong><\/h6>\nDes donn\u00e9es non personnelles sont collect\u00e9es lors de votre navigation, par un syst\u00e8me de cookies, \u00e0 des fins statistiques. Les fichiers stock\u00e9s sur votre ordinateur permettent \u00e0 Idem Cuisines d\u2019enregistrer des informations relatives \u00e0 votre navigation sur le site. En aucun cas, ces donn\u00e9es ne nous permettent de vous identifier. Elles ont pour seul but de nous aider \u00e0 vous offrir un acc\u00e8s facilit\u00e9 aux services propos\u00e9s et am\u00e9liorer par cons\u00e9quent ce site. Vous pouvez toutefois vous opposer \u00e0 l\u2019enregistrement de cookies en configurant tout d&rsquo;abord votre navigateur selon les modalit\u00e9s d\u00e9taill\u00e9es sur le site de la Commission Nationale Informatique et Libert\u00e9s (<a href=\"http:\/\/www.cnil.fr\">www.cnil.fr<\/a>). D&rsquo;autre part, vous pouvez \u00e9galement modifier ou retirer votre consentement pour les cookies li\u00e9s \u00e0 notre site <a href=\" https:\/\/www.idem-cuisines.fr\/ \"> www.idem-cuisines.fr<\/a> \u00e0 tout moment.\n<h6><strong><span style=\"color: #ea6f08;\">Comment puis-je d\u00e9sactiver les cookies ?<\/span><\/strong><\/h6>\n<div class=\"vc_row wpb_row vc_row-fluid\">\n<div class=\"wpb_column vc_column_container vc_col-sm-12\">\n<div class=\"vc_column-inner \">\n<div class=\"wpb_wrapper\">\n<div class=\"wpb_text_column wpb_content_element \">\n<div class=\"wpb_wrapper\">\n\nVous pouvez tout d\u2019abord param\u00e9trer votre navigateur Internet pour d\u00e9sactiver les cookies. Notez toutefois que si vous d\u00e9sactivez les cookies, votre nom d\u2019utilisateur ainsi que votre mot de passe ne seront par cons\u00e9quent plus sauvegard\u00e9s sur aucun site web.\n\n<\/div>\n<\/div>\n<\/div>\n<\/div>\n<\/div>\n<\/div>\n<div class=\"vc_row wpb_row vc_row-fluid\">\n<div class=\"wpb_column vc_column_container vc_col-sm-12\">\n<div class=\"vc_column-inner \">\n<div class=\"wpb_wrapper\">\n<div class=\"wpb_text_column wpb_content_element \">\n<div class=\"wpb_wrapper\">\n<h5><strong>Firefox:<\/strong><\/h5>\n1. Ouvrez <a href=\"https:\/\/www.mozilla.org\/fr\/firefox\/new\/\">Firefox<\/a>\n2. Appuyez dans un premier temps sur la touche \u00ab Alt \u00bb\n3. Puis dans le menu en haut de la page cliquez sur \u00ab Outils \u00bb puis \u00ab Options \u00bb\n4. S\u00e9lectionnez l\u2019onglet \u00ab Vie priv\u00e9e \u00bb\n5. Ensuite, dans le menu d\u00e9roulant \u00e0 droite de \u00ab R\u00e8gles de conservation \u00bb, cliquez sur \u00ab utiliser les param\u00e8tres personnalis\u00e9s pour l\u2019historique \u00bb\n6. Un peu plus bas, d\u00e9cochez \u00ab Accepter les cookies \u00bb\n7. Enfin, sauvegardez vos pr\u00e9f\u00e9rences en cliquant sur \u00ab OK \u00bb\n\n<\/div>\n<\/div>\n<\/div>\n<\/div>\n<\/div>\n<\/div>\n<div class=\"vc_row wpb_row vc_row-fluid\">\n<div class=\"wpb_column vc_column_container vc_col-sm-12\">\n<div class=\"vc_column-inner \">\n<div class=\"wpb_wrapper\">\n<div class=\"wpb_text_column wpb_content_element \">\n<div class=\"wpb_wrapper\">\n<h5><strong>Internet Explorer \/ Microsoft Edge:<\/strong><\/h5>\n1. Ouvrez Internet Explorer ou <a href=\"https:\/\/www.microsoft.com\/fr-fr\/edge\">Microsoft Edge<\/a>\n2. Dans le menu \u00ab Outils \u00bb, s\u00e9lectionnez tout d\u2019abord \u00ab Options Internet \u00bb\n3. Cliquez sur l\u2019onglet \u00ab Confidentialit\u00e9 \u00bb\n4. Cliquez par la suite sur \u00ab Avanc\u00e9 \u00bb et d\u00e9cochez \u00ab Accepter \u00bb\n5. Pour finir, sauvegardez vos pr\u00e9f\u00e9rences en cliquant sur \u00ab OK \u00bb\n\n<\/div>\n<\/div>\n<\/div>\n<\/div>\n<\/div>\n<\/div>\n<div class=\"vc_row wpb_row vc_row-fluid\">\n<div class=\"wpb_column vc_column_container vc_col-sm-12\">\n<div class=\"vc_column-inner \">\n<div class=\"wpb_wrapper\">\n<div class=\"wpb_text_column wpb_content_element \">\n<div class=\"wpb_wrapper\">\n<h5><strong>Google Chrome:<\/strong><\/h5>\n1. Ouvrez <a href=\"https:\/\/www.google.fr\/chrome\/?brand=FHFK&amp;gclid=Cj0KCQiAwf39BRCCARIsALXWETyxQGrGlDeICt5q-jSJMF7K8s3jIjC8NymgfHZeFv1ILQrsrVTvLa8aAk2NEALw_wcB&amp;gclsrc=aw.ds\"> Google Chrome<\/a>\n2. Cliquez sur l\u2019ic\u00f4ne d\u2019outils dans la barre de menu\n3. S\u00e9lectionnez en premier lieu \u00ab Options \u00bb\n4. Cliquez sur l\u2019onglet \u00ab Options avanc\u00e9es \u00bb\n5. Dans le menu d\u00e9roulant \u00ab Param\u00e8tres des cookies \u00bb, s\u00e9lectionnez enfin \u00ab Bloquer tous les cookies \u00bb\n\n<\/div>\n<\/div>\n<\/div>\n<\/div>\n<\/div>\n<\/div>\n<div class=\"vc_row wpb_row vc_row-fluid\">\n<div class=\"wpb_column vc_column_container vc_col-sm-12\">\n<div class=\"vc_column-inner \">\n<div class=\"wpb_wrapper\">\n<div class=\"wpb_text_column wpb_content_element \">\n<div class=\"wpb_wrapper\">\n<h5><strong>Safari:<\/strong><\/h5>\n1. Ouvrez tout d\u2019abord <a href=\"https:\/\/www.apple.com\/fr\/safari\/\">Safari<\/a>\n2. Dans la barre de menu en haut, cliquez sur \u00ab Safari \u00bb, puis \u00ab Pr\u00e9f\u00e9rences \u00bb\n3. S\u00e9lectionnez ensuite l\u2019ic\u00f4ne \u00ab S\u00e9curit\u00e9 \u00bb\n4. \u00c0 c\u00f4t\u00e9 de \u00ab Accepter les cookies \u00bb, cochez \u00ab Jamais \u00bb\n5. Si vous souhaitez voir les cookies qui sont d\u00e9j\u00e0 sauvegard\u00e9s sur votre ordinateur, cliquez sur \u00ab Afficher les cookies \u00bb\n\n<\/div>\n<\/div>\n<\/div>\n<\/div>\n<\/div>\n<\/div>\t\t\t\t\t\t<\/div>\n\t\t\t\t<\/div>\n\t\t\t\t<div class=\"elementor-element elementor-element-a5803d3 elementor-widget elementor-widget-spacer\" data-id=\"a5803d3\" data-element_type=\"widget\" data-widget_type=\"spacer.default\">\n\t\t\t\t<div class=\"elementor-widget-container\">\n\t\t\t<style>\/*! elementor - v3.8.1 - 13-11-2022 *\/\n.elementor-column .elementor-spacer-inner{height:var(--spacer-size)}.e-con{--container-widget-width:100%}.e-con-inner>.elementor-widget-spacer,.e-con>.elementor-widget-spacer{width:var(--container-widget-width,var(--spacer-size));-ms-flex-item-align:stretch;align-self:stretch;-ms-flex-negative:0;flex-shrink:0}.e-con-inner>.elementor-widget-spacer>.elementor-widget-container,.e-con-inner>.elementor-widget-spacer>.elementor-widget-container>.elementor-spacer,.e-con>.elementor-widget-spacer>.elementor-widget-container,.e-con>.elementor-widget-spacer>.elementor-widget-container>.elementor-spacer{height:100%}.e-con-inner>.elementor-widget-spacer>.elementor-widget-container>.elementor-spacer>.elementor-spacer-inner,.e-con>.elementor-widget-spacer>.elementor-widget-container>.elementor-spacer>.elementor-spacer-inner{height:var(--container-widget-height,var(--spacer-size))}<\/style>\t\t<div class=\"elementor-spacer\">\n\t\t\t<div class=\"elementor-spacer-inner\"><\/div>\n\t\t<\/div>\n\t\t\t\t<\/div>\n\t\t\t\t<\/div>\n\t\t\t\t<div class=\"elementor-element elementor-element-9504c87 elementor-widget-divider--view-line elementor-widget elementor-widget-divider\" data-id=\"9504c87\" data-element_type=\"widget\" data-widget_type=\"divider.default\">\n\t\t\t\t<div class=\"elementor-widget-container\">\n\t\t\t<style>\/*! elementor - v3.8.1 - 13-11-2022 *\/\n.elementor-widget-divider{--divider-border-style:none;--divider-border-width:1px;--divider-color:#2c2c2c;--divider-icon-size:20px;--divider-element-spacing:10px;--divider-pattern-height:24px;--divider-pattern-size:20px;--divider-pattern-url:none;--divider-pattern-repeat:repeat-x}.elementor-widget-divider .elementor-divider{display:-webkit-box;display:-ms-flexbox;display:flex}.elementor-widget-divider .elementor-divider__text{font-size:15px;line-height:1;max-width:95%}.elementor-widget-divider .elementor-divider__element{margin:0 var(--divider-element-spacing);-ms-flex-negative:0;flex-shrink:0}.elementor-widget-divider .elementor-icon{font-size:var(--divider-icon-size)}.elementor-widget-divider .elementor-divider-separator{display:-webkit-box;display:-ms-flexbox;display:flex;margin:0;direction:ltr}.elementor-widget-divider--view-line_icon .elementor-divider-separator,.elementor-widget-divider--view-line_text .elementor-divider-separator{-webkit-box-align:center;-ms-flex-align:center;align-items:center}.elementor-widget-divider--view-line_icon .elementor-divider-separator:after,.elementor-widget-divider--view-line_icon .elementor-divider-separator:before,.elementor-widget-divider--view-line_text .elementor-divider-separator:after,.elementor-widget-divider--view-line_text .elementor-divider-separator:before{display:block;content:\"\";border-bottom:0;-webkit-box-flex:1;-ms-flex-positive:1;flex-grow:1;border-top:var(--divider-border-width) var(--divider-border-style) var(--divider-color)}.elementor-widget-divider--element-align-left .elementor-divider .elementor-divider-separator>.elementor-divider__svg:first-of-type{-webkit-box-flex:0;-ms-flex-positive:0;flex-grow:0;-ms-flex-negative:100;flex-shrink:100}.elementor-widget-divider--element-align-left .elementor-divider-separator:before{content:none}.elementor-widget-divider--element-align-left .elementor-divider__element{margin-left:0}.elementor-widget-divider--element-align-right .elementor-divider .elementor-divider-separator>.elementor-divider__svg:last-of-type{-webkit-box-flex:0;-ms-flex-positive:0;flex-grow:0;-ms-flex-negative:100;flex-shrink:100}.elementor-widget-divider--element-align-right .elementor-divider-separator:after{content:none}.elementor-widget-divider--element-align-right .elementor-divider__element{margin-right:0}.elementor-widget-divider:not(.elementor-widget-divider--view-line_text):not(.elementor-widget-divider--view-line_icon) .elementor-divider-separator{border-top:var(--divider-border-width) var(--divider-border-style) var(--divider-color)}.elementor-widget-divider--separator-type-pattern{--divider-border-style:none}.elementor-widget-divider--separator-type-pattern.elementor-widget-divider--view-line .elementor-divider-separator,.elementor-widget-divider--separator-type-pattern:not(.elementor-widget-divider--view-line) .elementor-divider-separator:after,.elementor-widget-divider--separator-type-pattern:not(.elementor-widget-divider--view-line) .elementor-divider-separator:before,.elementor-widget-divider--separator-type-pattern:not([class*=elementor-widget-divider--view]) .elementor-divider-separator{width:100%;min-height:var(--divider-pattern-height);-webkit-mask-size:var(--divider-pattern-size) 100%;mask-size:var(--divider-pattern-size) 100%;-webkit-mask-repeat:var(--divider-pattern-repeat);mask-repeat:var(--divider-pattern-repeat);background-color:var(--divider-color);-webkit-mask-image:var(--divider-pattern-url);mask-image:var(--divider-pattern-url)}.elementor-widget-divider--no-spacing{--divider-pattern-size:auto}.elementor-widget-divider--bg-round{--divider-pattern-repeat:round}.rtl .elementor-widget-divider .elementor-divider__text{direction:rtl}.e-con-inner>.elementor-widget-divider,.e-con>.elementor-widget-divider{width:var(--container-widget-width,100%)}<\/style>\t\t<div class=\"elementor-divider\">\n\t\t\t<span class=\"elementor-divider-separator\">\n\t\t\t\t\t\t<\/span>\n\t\t<\/div>\n\t\t\t\t<\/div>\n\t\t\t\t<\/div>\n\t\t\t\t\t<\/div>\n\t\t<\/div>\n\t\t\t\t\t\t\t<\/div>\n\t\t<\/section>\n\t\t\t\t<section class=\"elementor-section elementor-top-section elementor-element elementor-element-c8885f1 elementor-section-boxed elementor-section-height-default elementor-section-height-default\" data-id=\"c8885f1\" data-element_type=\"section\">\n\t\t\t\t\t\t<div class=\"elementor-container elementor-column-gap-default\">\n\t\t\t\t\t<div class=\"elementor-column elementor-col-33 elementor-top-column elementor-element elementor-element-fade8a3\" data-id=\"fade8a3\" data-element_type=\"column\">\n\t\t\t<div class=\"elementor-widget-wrap elementor-element-populated\">\n\t\t\t\t\t\t\t\t<div class=\"elementor-element elementor-element-305d107 elementor-widget elementor-widget-text-editor\" data-id=\"305d107\" data-element_type=\"widget\" data-widget_type=\"text-editor.default\">\n\t\t\t\t<div class=\"elementor-widget-container\">\n\t\t\t\t\t\t\t<h3><span style=\"color: #444;\">Contact<br \/>DPO<\/span><\/h3><p>Contactez notre DPO<br \/>(d\u00e9l\u00e9gu\u00e9 \u00e0 la protection des donn\u00e9es)<\/p><p><span style=\"color: #ea6f08;\"><a href=\"https:\/\/www.idem-cuisines.fr\/index.php\/contact\/\">Contacter<\/a><\/span><\/p>\t\t\t\t\t\t<\/div>\n\t\t\t\t<\/div>\n\t\t\t\t\t<\/div>\n\t\t<\/div>\n\t\t\t\t<div class=\"elementor-column elementor-col-33 elementor-top-column elementor-element elementor-element-8f78456\" data-id=\"8f78456\" data-element_type=\"column\">\n\t\t\t<div class=\"elementor-widget-wrap elementor-element-populated\">\n\t\t\t\t\t\t\t\t<div class=\"elementor-element elementor-element-4c3ff31 elementor-widget elementor-widget-text-editor\" data-id=\"4c3ff31\" data-element_type=\"widget\" data-widget_type=\"text-editor.default\">\n\t\t\t\t<div class=\"elementor-widget-container\">\n\t\t\t\t\t\t\t<h3><span style=\"color: #444;\">Mentions l\u00e9gales,<br \/>termes &amp; conditions<\/span><\/h3><p>Mentions l\u00e9gales<br \/>&amp; CG d\u2019utilisation<br \/><br \/><span style=\"color: #ea6f08;\"><a href=\"https:\/\/www.idem-cuisines.fr\/index.php\/mentions-legales\/\">En savoir plus<\/a><\/span><\/p>\t\t\t\t\t\t<\/div>\n\t\t\t\t<\/div>\n\t\t\t\t\t<\/div>\n\t\t<\/div>\n\t\t\t\t<div class=\"elementor-column elementor-col-33 elementor-top-column elementor-element elementor-element-6cb4a08\" data-id=\"6cb4a08\" data-element_type=\"column\">\n\t\t\t<div class=\"elementor-widget-wrap elementor-element-populated\">\n\t\t\t\t\t\t\t\t<div class=\"elementor-element elementor-element-32e4ad2 elementor-widget elementor-widget-text-editor\" data-id=\"32e4ad2\" data-element_type=\"widget\" data-widget_type=\"text-editor.default\">\n\t\t\t\t<div class=\"elementor-widget-container\">\n\t\t\t\t\t\t\t<h3><span style=\"color: #444;\">Demande\/rectification<br \/>des donn\u00e9es<\/span><\/h3><p>Obtenir une copie, une rectification ou une suppression de vos donn\u00e9es stock\u00e9es.<\/p><p><span style=\"color: #ea6f08;\"><a href=\"https:\/\/www.idem-cuisines.fr\/index.php\/contact\/\">Contacter<\/a><\/span><\/p>\t\t\t\t\t\t<\/div>\n\t\t\t\t<\/div>\n\t\t\t\t\t<\/div>\n\t\t<\/div>\n\t\t\t\t\t\t\t<\/div>\n\t\t<\/section>\n\t\t\t\t\t\t\t<\/div>\n\t\t","protected":false},"excerpt":{"rendered":"<p>Politique de confidentialit\u00e9 Selon sa politique de confidentialit\u00e9, Idem Cuisines s\u2019engage \u00e0 respecter la vie priv\u00e9e de tout utilisateur de son site Internet. Les donn\u00e9es personnelles (nom, adresse, t\u00e9l\u00e9phone, e-mail) ne sont collect\u00e9es qu\u2019apr\u00e8s avoir \u00e9t\u00e9 fournies par l\u2019utilisateur en toute connaissance de cause. Ces donn\u00e9es pourront \u00eatre ainsi stock\u00e9es pour une dur\u00e9e limit\u00e9e. Elles [&hellip;]<\/p>\n","protected":false},"author":1,"featured_media":0,"parent":0,"menu_order":0,"comment_status":"closed","ping_status":"closed","template":"prysm-elementor-full-width.php","meta":{"footnotes":""},"class_list":["post-4577","page","type-page","status-publish","hentry"],"_links":{"self":[{"href":"http:\/\/www.idem-cuisines.fr\/index.php\/wp-json\/wp\/v2\/pages\/4577","targetHints":{"allow":["GET"]}}],"collection":[{"href":"http:\/\/www.idem-cuisines.fr\/index.php\/wp-json\/wp\/v2\/pages"}],"about":[{"href":"http:\/\/www.idem-cuisines.fr\/index.php\/wp-json\/wp\/v2\/types\/page"}],"author":[{"embeddable":true,"href":"http:\/\/www.idem-cuisines.fr\/index.php\/wp-json\/wp\/v2\/users\/1"}],"replies":[{"embeddable":true,"href":"http:\/\/www.idem-cuisines.fr\/index.php\/wp-json\/wp\/v2\/comments?post=4577"}],"version-history":[{"count":29,"href":"http:\/\/www.idem-cuisines.fr\/index.php\/wp-json\/wp\/v2\/pages\/4577\/revisions"}],"predecessor-version":[{"id":5215,"href":"http:\/\/www.idem-cuisines.fr\/index.php\/wp-json\/wp\/v2\/pages\/4577\/revisions\/5215"}],"wp:attachment":[{"href":"http:\/\/www.idem-cuisines.fr\/index.php\/wp-json\/wp\/v2\/media?parent=4577"}],"curies":[{"name":"wp","href":"https:\/\/api.w.org\/{rel}","templated":true}]}}